{"id":44,"date":"2022-04-15T16:35:14","date_gmt":"2022-04-15T14:35:14","guid":{"rendered":"https:\/\/www.support24.sk\/magictatry\/?page_id=44"},"modified":"2024-01-19T09:47:03","modified_gmt":"2024-01-19T08:47:03","slug":"rezervacia","status":"publish","type":"page","link":"https:\/\/www.magictatry.sk\/index.php\/rezervacia\/","title":{"rendered":"Rezerv\u00e1cia"},"content":{"rendered":"\t\t<div data-elementor-type=\"wp-page\" data-elementor-id=\"44\" class=\"elementor elementor-44\">\n\t\t\t\t\t\t<section class=\"elementor-section elementor-top-section elementor-element elementor-element-1a46abf elementor-section-boxed elementor-section-height-default elementor-section-height-default\" data-id=\"1a46abf\" data-element_type=\"section\">\n\t\t\t\t\t\t<div class=\"elementor-container elementor-column-gap-default\">\n\t\t\t\t\t<div class=\"elementor-column elementor-col-50 elementor-top-column elementor-element elementor-element-f6539c3\" data-id=\"f6539c3\" data-element_type=\"column\">\n\t\t\t<div class=\"elementor-widget-wrap elementor-element-populated\">\n\t\t\t\t\t\t<div class=\"elementor-element elementor-element-eb5d95b elementor-widget elementor-widget-heading\" data-id=\"eb5d95b\" data-element_type=\"widget\" data-widget_type=\"heading.default\">\n\t\t\t\t<div class=\"elementor-widget-container\">\n\t\t\t<h1 class=\"elementor-heading-title elementor-size-default\">rezerv\u00e1cia<\/h1>\t\t<\/div>\n\t\t\t\t<\/div>\n\t\t\t\t<div class=\"elementor-element elementor-element-e44649c elementor-widget-divider--view-line elementor-invisible elementor-widget elementor-widget-divider\" data-id=\"e44649c\" data-element_type=\"widget\" data-settings=\"{&quot;_animation&quot;:&quot;slideInRight&quot;}\" data-widget_type=\"divider.default\">\n\t\t\t\t<div class=\"elementor-widget-container\">\n\t\t\t\t\t<div class=\"elementor-divider\">\n\t\t\t<span class=\"elementor-divider-separator\">\n\t\t\t\t\t\t<\/span>\n\t\t<\/div>\n\t\t\t\t<\/div>\n\t\t\t\t<\/div>\n\t\t\t\t<div class=\"elementor-element elementor-element-8b08046 elementor-widget elementor-widget-text-editor\" data-id=\"8b08046\" data-element_type=\"widget\" data-widget_type=\"text-editor.default\">\n\t\t\t\t<div class=\"elementor-widget-container\">\n\t\t\t\t\t\t\t<p>Tu vid\u00edte obsadenos\u0165 na\u0161\u00edch apartm\u00e1nov a z\u00e1rove\u0148 si m\u00f4\u017eete vyplni\u0165 rezerva\u010dn\u00fd formul\u00e1r, na z\u00e1klade ktor\u00e9ho V\u00e1s budeme v kr\u00e1tkej dobe kontaktova\u0165 a dohodneme si podrobnosti&#8230;<\/p>\t\t\t\t\t\t<\/div>\n\t\t\t\t<\/div>\n\t\t\t\t\t<\/div>\n\t\t<\/div>\n\t\t\t\t<div class=\"elementor-column elementor-col-50 elementor-top-column elementor-element elementor-element-d85f398\" data-id=\"d85f398\" data-element_type=\"column\">\n\t\t\t<div class=\"elementor-widget-wrap elementor-element-populated\">\n\t\t\t\t\t\t<div class=\"elementor-element elementor-element-e1838b3 elementor-widget elementor-widget-image\" data-id=\"e1838b3\" data-element_type=\"widget\" data-widget_type=\"image.default\">\n\t\t\t\t<div class=\"elementor-widget-container\">\n\t\t\t\t\t\t\t\t\t\t\t\t\t<img fetchpriority=\"high\" decoding=\"async\" width=\"1024\" height=\"1024\" src=\"https:\/\/www.magictatry.sk\/wp-content\/uploads\/2022\/04\/reception-g7e3f50fbc_1920-1024x1024.jpg\" class=\"attachment-large size-large wp-image-828\" alt=\"Rezerv\u00e1cia Apartm\u00e1ny Magic Tatry\" srcset=\"https:\/\/www.magictatry.sk\/wp-content\/uploads\/2022\/04\/reception-g7e3f50fbc_1920-1024x1024.jpg 1024w, https:\/\/www.magictatry.sk\/wp-content\/uploads\/2022\/04\/reception-g7e3f50fbc_1920-300x300.jpg 300w, https:\/\/www.magictatry.sk\/wp-content\/uploads\/2022\/04\/reception-g7e3f50fbc_1920-150x150.jpg 150w, https:\/\/www.magictatry.sk\/wp-content\/uploads\/2022\/04\/reception-g7e3f50fbc_1920-768x768.jpg 768w, https:\/\/www.magictatry.sk\/wp-content\/uploads\/2022\/04\/reception-g7e3f50fbc_1920-1536x1536.jpg 1536w, https:\/\/www.magictatry.sk\/wp-content\/uploads\/2022\/04\/reception-g7e3f50fbc_1920.jpg 1920w\" sizes=\"(max-width: 1024px) 100vw, 1024px\" \/>\t\t\t\t\t\t\t\t\t\t\t\t\t<\/div>\n\t\t\t\t<\/div>\n\t\t\t\t\t<\/div>\n\t\t<\/div>\n\t\t\t\t\t<\/div>\n\t\t<\/section>\n\t\t\t\t<section class=\"elementor-section elementor-top-section elementor-element elementor-element-388dcad elementor-section-boxed elementor-section-height-default elementor-section-height-default\" data-id=\"388dcad\" data-element_type=\"section\">\n\t\t\t\t\t\t<div class=\"elementor-container elementor-column-gap-default\">\n\t\t\t\t\t<div class=\"elementor-column elementor-col-50 elementor-top-column elementor-element elementor-element-0274938\" data-id=\"0274938\" data-element_type=\"column\">\n\t\t\t<div class=\"elementor-widget-wrap\">\n\t\t\t\t\t\t\t<\/div>\n\t\t<\/div>\n\t\t\t\t<div class=\"elementor-column elementor-col-50 elementor-top-column elementor-element elementor-element-106b8bd\" data-id=\"106b8bd\" data-element_type=\"column\">\n\t\t\t<div class=\"elementor-widget-wrap elementor-element-populated\">\n\t\t\t\t\t\t<div class=\"elementor-element elementor-element-4ab8b5b elementor-widget__width-initial elementor-widget elementor-widget-html\" data-id=\"4ab8b5b\" data-element_type=\"widget\" data-widget_type=\"html.default\">\n\t\t\t\t<div class=\"elementor-widget-container\">\n\t\t\t<script src=\"https:\/\/www.megaubytovanie.sk\/muEmbed.js\" type=\"text\/javascript\"><\/script>\n<script>muEmbed({embedType:\"calendar-widget\",accommodationId:5003,token:\"0d503cfe2e07c12b4ce859fbc8563a40\",settings:{\"months_count\":12,\"zoom\":\"100%\",\"blocked_intervals_color\":\"rgba(212,234,255,1)\",\"background_color\":\"rgba(255,255,255,1)\",\"button_color\":\"rgba(250,141,0,1)\",\"show_reservation_button\":true,\"accommodation_unit_id\":null} })<\/script>\t\t<\/div>\n\t\t\t\t<\/div>\n\t\t\t\t\t<\/div>\n\t\t<\/div>\n\t\t\t\t\t<\/div>\n\t\t<\/section>\n\t\t\t\t<section class=\"elementor-section elementor-top-section elementor-element elementor-element-156033d9 elementor-section-content-top elementor-section-boxed elementor-section-height-default elementor-section-height-default\" data-id=\"156033d9\" data-element_type=\"section\">\n\t\t\t\t\t\t<div class=\"elementor-container elementor-column-gap-no\">\n\t\t\t\t\t<div class=\"elementor-column elementor-col-33 elementor-top-column elementor-element elementor-element-366cc852\" data-id=\"366cc852\" data-element_type=\"column\">\n\t\t\t<div class=\"elementor-widget-wrap elementor-element-populated\">\n\t\t\t\t\t\t<div class=\"elementor-element elementor-element-77e3aa4d elementor-widget elementor-widget-image\" data-id=\"77e3aa4d\" data-element_type=\"widget\" data-widget_type=\"image.default\">\n\t\t\t\t<div class=\"elementor-widget-container\">\n\t\t\t\t\t\t\t\t\t\t\t\t\t<img decoding=\"async\" width=\"1024\" height=\"316\" src=\"https:\/\/www.magictatry.sk\/wp-content\/uploads\/2022\/04\/logo-magictatry-1024x316.png\" class=\"attachment-large size-large wp-image-259\" alt=\"Logo apartmany Magic Tatry\" srcset=\"https:\/\/www.magictatry.sk\/wp-content\/uploads\/2022\/04\/logo-magictatry-1024x316.png 1024w, https:\/\/www.magictatry.sk\/wp-content\/uploads\/2022\/04\/logo-magictatry-300x93.png 300w, https:\/\/www.magictatry.sk\/wp-content\/uploads\/2022\/04\/logo-magictatry-768x237.png 768w, https:\/\/www.magictatry.sk\/wp-content\/uploads\/2022\/04\/logo-magictatry-1536x474.png 1536w, https:\/\/www.magictatry.sk\/wp-content\/uploads\/2022\/04\/logo-magictatry-2048x632.png 2048w, https:\/\/www.magictatry.sk\/wp-content\/uploads\/2022\/04\/logo-magictatry.png 1920w\" sizes=\"(max-width: 1024px) 100vw, 1024px\" \/>\t\t\t\t\t\t\t\t\t\t\t\t\t<\/div>\n\t\t\t\t<\/div>\n\t\t\t\t<div class=\"elementor-element elementor-element-4857dbc6 elementor-widget elementor-widget-text-editor\" data-id=\"4857dbc6\" data-element_type=\"widget\" data-widget_type=\"text-editor.default\">\n\t\t\t\t<div class=\"elementor-widget-container\">\n\t\t\t\t\t\t\t<p>U\u017e\u00edvajte si \u010daro Vysok\u00fdch Tatier po\u010das cel\u00e9ho pobytu&#8230;<\/p>\t\t\t\t\t\t<\/div>\n\t\t\t\t<\/div>\n\t\t\t\t\t<\/div>\n\t\t<\/div>\n\t\t\t\t<div class=\"elementor-column elementor-col-33 elementor-top-column elementor-element elementor-element-7b677206\" data-id=\"7b677206\" data-element_type=\"column\">\n\t\t\t<div class=\"elementor-widget-wrap elementor-element-populated\">\n\t\t\t\t\t\t<div class=\"elementor-element elementor-element-616346fc elementor-widget elementor-widget-heading\" data-id=\"616346fc\" data-element_type=\"widget\" data-widget_type=\"heading.default\">\n\t\t\t\t<div class=\"elementor-widget-container\">\n\t\t\t<h5 class=\"elementor-heading-title elementor-size-default\">R\u00fdchle odkazy<\/h5>\t\t<\/div>\n\t\t\t\t<\/div>\n\t\t\t\t<div class=\"elementor-element elementor-element-1be652a1 elementor-mobile-align-center elementor-icon-list--layout-traditional elementor-list-item-link-full_width elementor-widget elementor-widget-icon-list\" data-id=\"1be652a1\" data-element_type=\"widget\" data-widget_type=\"icon-list.default\">\n\t\t\t\t<div class=\"elementor-widget-container\">\n\t\t\t\t\t<ul class=\"elementor-icon-list-items\">\n\t\t\t\t\t\t\t<li class=\"elementor-icon-list-item\">\n\t\t\t\t\t\t\t\t\t\t\t<a href=\"https:\/\/www.magictatry.sk\/\">\n\n\t\t\t\t\t\t\t\t\t\t\t<span class=\"elementor-icon-list-text\">\u00davod<\/span>\n\t\t\t\t\t\t\t\t\t\t\t<\/a>\n\t\t\t\t\t\t\t\t\t<\/li>\n\t\t\t\t\t\t\t\t<li class=\"elementor-icon-list-item\">\n\t\t\t\t\t\t\t\t\t\t\t<a href=\"https:\/\/www.magictatry.sk\/index.php\/apartmany\/\">\n\n\t\t\t\t\t\t\t\t\t\t\t<span class=\"elementor-icon-list-text\">Apartm\u00e1ny<\/span>\n\t\t\t\t\t\t\t\t\t\t\t<\/a>\n\t\t\t\t\t\t\t\t\t<\/li>\n\t\t\t\t\t\t\t\t<li class=\"elementor-icon-list-item\">\n\t\t\t\t\t\t\t\t\t\t\t<a href=\"https:\/\/www.magictatry.sk\/index.php\/lokalita\/\">\n\n\t\t\t\t\t\t\t\t\t\t\t<span class=\"elementor-icon-list-text\">Lokalita<\/span>\n\t\t\t\t\t\t\t\t\t\t\t<\/a>\n\t\t\t\t\t\t\t\t\t<\/li>\n\t\t\t\t\t\t\t\t<li class=\"elementor-icon-list-item\">\n\t\t\t\t\t\t\t\t\t\t\t<a href=\"https:\/\/www.magictatry.sk\/index.php\/rezervacia\/\">\n\n\t\t\t\t\t\t\t\t\t\t\t<span class=\"elementor-icon-list-text\">Rezerv\u00e1cia<\/span>\n\t\t\t\t\t\t\t\t\t\t\t<\/a>\n\t\t\t\t\t\t\t\t\t<\/li>\n\t\t\t\t\t\t\t\t<li class=\"elementor-icon-list-item\">\n\t\t\t\t\t\t\t\t\t\t\t<a href=\"https:\/\/www.magictatry.sk\/index.php\/galeria\/\">\n\n\t\t\t\t\t\t\t\t\t\t\t<span class=\"elementor-icon-list-text\">Gal\u00e9ria<\/span>\n\t\t\t\t\t\t\t\t\t\t\t<\/a>\n\t\t\t\t\t\t\t\t\t<\/li>\n\t\t\t\t\t\t\t\t<li class=\"elementor-icon-list-item\">\n\t\t\t\t\t\t\t\t\t\t\t<a href=\"https:\/\/www.magictatry.sk\/index.php\/kontakt\/\">\n\n\t\t\t\t\t\t\t\t\t\t\t<span class=\"elementor-icon-list-text\">Kontakt<\/span>\n\t\t\t\t\t\t\t\t\t\t\t<\/a>\n\t\t\t\t\t\t\t\t\t<\/li>\n\t\t\t\t\t\t<\/ul>\n\t\t\t\t<\/div>\n\t\t\t\t<\/div>\n\t\t\t\t\t<\/div>\n\t\t<\/div>\n\t\t\t\t<div class=\"elementor-column elementor-col-33 elementor-top-column elementor-element elementor-element-23fc4020\" data-id=\"23fc4020\" data-element_type=\"column\">\n\t\t\t<div class=\"elementor-widget-wrap elementor-element-populated\">\n\t\t\t\t\t\t<div class=\"elementor-element elementor-element-5937bc3d elementor-widget elementor-widget-heading\" data-id=\"5937bc3d\" data-element_type=\"widget\" data-widget_type=\"heading.default\">\n\t\t\t\t<div class=\"elementor-widget-container\">\n\t\t\t<h5 class=\"elementor-heading-title elementor-size-default\">R\u00fdchly kontakt<\/h5>\t\t<\/div>\n\t\t\t\t<\/div>\n\t\t\t\t<div class=\"elementor-element elementor-element-692f4aec elementor-mobile-align-center elementor-icon-list--layout-traditional elementor-list-item-link-full_width elementor-widget elementor-widget-icon-list\" data-id=\"692f4aec\" data-element_type=\"widget\" data-widget_type=\"icon-list.default\">\n\t\t\t\t<div class=\"elementor-widget-container\">\n\t\t\t\t\t<ul class=\"elementor-icon-list-items\">\n\t\t\t\t\t\t\t<li class=\"elementor-icon-list-item\">\n\t\t\t\t\t\t\t\t\t\t<span class=\"elementor-icon-list-text\">Email: info@magictatry.sk<\/span>\n\t\t\t\t\t\t\t\t\t<\/li>\n\t\t\t\t\t\t\t\t<li class=\"elementor-icon-list-item\">\n\t\t\t\t\t\t\t\t\t\t<span class=\"elementor-icon-list-text\">Mobil: +421 903 169 748<\/span>\n\t\t\t\t\t\t\t\t\t<\/li>\n\t\t\t\t\t\t<\/ul>\n\t\t\t\t<\/div>\n\t\t\t\t<\/div>\n\t\t\t\t\t<\/div>\n\t\t<\/div>\n\t\t\t\t\t<\/div>\n\t\t<\/section>\n\t\t\t\t<\/div>\n\t\t","protected":false},"excerpt":{"rendered":"<p>rezerv\u00e1cia Tu vid\u00edte obsadenos\u0165 na\u0161\u00edch apartm\u00e1nov a z\u00e1rove\u0148 si m\u00f4\u017eete vyplni\u0165 rezerva\u010dn\u00fd formul\u00e1r, na z\u00e1klade ktor\u00e9ho V\u00e1s budeme v kr\u00e1tkej dobe kontaktova\u0165 a dohodneme si podrobnosti&#8230; U\u017e\u00edvajte si \u010daro Vysok\u00fdch Tatier po\u010das cel\u00e9ho pobytu&#8230; R\u00fdchle odkazy \u00davod Apartm\u00e1ny Lokalita Rezerv\u00e1cia Gal\u00e9ria Kontakt R\u00fdchly kontakt Email: info@magictatry.sk Mobil: +421 903 169 748<\/p>\n","protected":false},"author":1,"featured_media":0,"parent":0,"menu_order":0,"comment_status":"closed","ping_status":"closed","template":"","meta":{"_monsterinsights_skip_tracking":false,"_monsterinsights_sitenote_active":false,"_monsterinsights_sitenote_note":"","_monsterinsights_sitenote_category":0,"neve_meta_sidebar":"","neve_meta_container":"","neve_meta_enable_content_width":"","neve_meta_content_width":0,"neve_meta_title_alignment":"","neve_meta_author_avatar":"","neve_post_elements_order":"","neve_meta_disable_header":"","neve_meta_disable_footer":"","neve_meta_disable_title":"","footnotes":""},"class_list":["post-44","page","type-page","status-publish","hentry"],"yoast_head":"<!-- This site is optimized with the Yoast SEO plugin v24.5 - https:\/\/yoast.com\/wordpress\/plugins\/seo\/ -->\n<title>Rezerv\u00e1cia - Apartm\u00e1ny Magic Tatry<\/title>\n<meta name=\"description\" content=\"Rezerv\u00e1cia apartm\u00e1nu nebola nikdy jednoduch\u0161ia. Vyberte si apartm\u00e1n, vo\u013en\u00fd term\u00edn, vyp\u00ed\u0161te va\u0161e \u00fadaje a odo\u0161lite rezerv\u00e1ciu\" \/>\n<meta name=\"robots\" content=\"index, follow, max-snippet:-1, max-image-preview:large, max-video-preview:-1\" \/>\n<link rel=\"canonical\" href=\"https:\/\/www.magictatry.sk\/index.php\/rezervacia\/\" \/>\n<meta property=\"og:locale\" content=\"sk_SK\" \/>\n<meta property=\"og:type\" content=\"article\" \/>\n<meta property=\"og:title\" content=\"Rezerv\u00e1cia - Apartm\u00e1ny Magic Tatry\" \/>\n<meta property=\"og:description\" content=\"Rezerv\u00e1cia apartm\u00e1nu nebola nikdy jednoduch\u0161ia. Vyberte si apartm\u00e1n, vo\u013en\u00fd term\u00edn, vyp\u00ed\u0161te va\u0161e \u00fadaje a odo\u0161lite rezerv\u00e1ciu\" \/>\n<meta property=\"og:url\" content=\"https:\/\/www.magictatry.sk\/index.php\/rezervacia\/\" \/>\n<meta property=\"og:site_name\" content=\"Apartm\u00e1ny Magic Tatry\" \/>\n<meta property=\"article:modified_time\" content=\"2024-01-19T08:47:03+00:00\" \/>\n<meta property=\"og:image\" content=\"https:\/\/www.magictatry.sk\/wp-content\/uploads\/2022\/04\/reception-g7e3f50fbc_1920-1024x1024.jpg\" \/>\n<meta name=\"twitter:card\" content=\"summary_large_image\" \/>\n<meta name=\"twitter:label1\" content=\"Predpokladan\u00fd \u010das \u010d\u00edtania\" \/>\n\t<meta name=\"twitter:data1\" content=\"2 min\u00faty\" \/>\n<script type=\"application\/ld+json\" class=\"yoast-schema-graph\">{\"@context\":\"https:\/\/schema.org\",\"@graph\":[{\"@type\":\"WebPage\",\"@id\":\"https:\/\/www.magictatry.sk\/index.php\/rezervacia\/\",\"url\":\"https:\/\/www.magictatry.sk\/index.php\/rezervacia\/\",\"name\":\"Rezerv\u00e1cia - Apartm\u00e1ny Magic Tatry\",\"isPartOf\":{\"@id\":\"https:\/\/www.magictatry.sk\/#website\"},\"primaryImageOfPage\":{\"@id\":\"https:\/\/www.magictatry.sk\/index.php\/rezervacia\/#primaryimage\"},\"image\":{\"@id\":\"https:\/\/www.magictatry.sk\/index.php\/rezervacia\/#primaryimage\"},\"thumbnailUrl\":\"https:\/\/www.magictatry.sk\/wp-content\/uploads\/2022\/04\/reception-g7e3f50fbc_1920-1024x1024.jpg\",\"datePublished\":\"2022-04-15T14:35:14+00:00\",\"dateModified\":\"2024-01-19T08:47:03+00:00\",\"description\":\"Rezerv\u00e1cia apartm\u00e1nu nebola nikdy jednoduch\u0161ia. Vyberte si apartm\u00e1n, vo\u013en\u00fd term\u00edn, vyp\u00ed\u0161te va\u0161e \u00fadaje a odo\u0161lite rezerv\u00e1ciu\",\"breadcrumb\":{\"@id\":\"https:\/\/www.magictatry.sk\/index.php\/rezervacia\/#breadcrumb\"},\"inLanguage\":\"sk-SK\",\"potentialAction\":[{\"@type\":\"ReadAction\",\"target\":[\"https:\/\/www.magictatry.sk\/index.php\/rezervacia\/\"]}]},{\"@type\":\"ImageObject\",\"inLanguage\":\"sk-SK\",\"@id\":\"https:\/\/www.magictatry.sk\/index.php\/rezervacia\/#primaryimage\",\"url\":\"https:\/\/www.magictatry.sk\/wp-content\/uploads\/2022\/04\/reception-g7e3f50fbc_1920.jpg\",\"contentUrl\":\"https:\/\/www.magictatry.sk\/wp-content\/uploads\/2022\/04\/reception-g7e3f50fbc_1920.jpg\",\"width\":1920,\"height\":1920,\"caption\":\"Rezerv\u00e1cia Apartm\u00e1ny Magic Tatry\"},{\"@type\":\"BreadcrumbList\",\"@id\":\"https:\/\/www.magictatry.sk\/index.php\/rezervacia\/#breadcrumb\",\"itemListElement\":[{\"@type\":\"ListItem\",\"position\":1,\"name\":\"Home\",\"item\":\"https:\/\/www.magictatry.sk\/\"},{\"@type\":\"ListItem\",\"position\":2,\"name\":\"Rezerv\u00e1cia\"}]},{\"@type\":\"WebSite\",\"@id\":\"https:\/\/www.magictatry.sk\/#website\",\"url\":\"https:\/\/www.magictatry.sk\/\",\"name\":\"Apartm\u00e1ny Magic Tatry\",\"description\":\"Modern\u00e9 apartm\u00e1ny vo Vysok\u00fdch Tatr\u00e1ch\",\"publisher\":{\"@id\":\"https:\/\/www.magictatry.sk\/#organization\"},\"potentialAction\":[{\"@type\":\"SearchAction\",\"target\":{\"@type\":\"EntryPoint\",\"urlTemplate\":\"https:\/\/www.magictatry.sk\/?s={search_term_string}\"},\"query-input\":{\"@type\":\"PropertyValueSpecification\",\"valueRequired\":true,\"valueName\":\"search_term_string\"}}],\"inLanguage\":\"sk-SK\"},{\"@type\":\"Organization\",\"@id\":\"https:\/\/www.magictatry.sk\/#organization\",\"name\":\"Apartm\u00e1ny Magic Tatry\",\"url\":\"https:\/\/www.magictatry.sk\/\",\"logo\":{\"@type\":\"ImageObject\",\"inLanguage\":\"sk-SK\",\"@id\":\"https:\/\/www.magictatry.sk\/#\/schema\/logo\/image\/\",\"url\":\"https:\/\/www.magictatry.sk\/wp-content\/uploads\/2022\/04\/logo-magictatry-1.png\",\"contentUrl\":\"https:\/\/www.magictatry.sk\/wp-content\/uploads\/2022\/04\/logo-magictatry-1.png\",\"width\":1920,\"height\":593,\"caption\":\"Apartm\u00e1ny Magic Tatry\"},\"image\":{\"@id\":\"https:\/\/www.magictatry.sk\/#\/schema\/logo\/image\/\"}}]}<\/script>\n<!-- \/ Yoast SEO plugin. -->","yoast_head_json":{"title":"Rezerv\u00e1cia - Apartm\u00e1ny Magic Tatry","description":"Rezerv\u00e1cia apartm\u00e1nu nebola nikdy jednoduch\u0161ia. Vyberte si apartm\u00e1n, vo\u013en\u00fd term\u00edn, vyp\u00ed\u0161te va\u0161e \u00fadaje a odo\u0161lite rezerv\u00e1ciu","robots":{"index":"index","follow":"follow","max-snippet":"max-snippet:-1","max-image-preview":"max-image-preview:large","max-video-preview":"max-video-preview:-1"},"canonical":"https:\/\/www.magictatry.sk\/index.php\/rezervacia\/","og_locale":"sk_SK","og_type":"article","og_title":"Rezerv\u00e1cia - Apartm\u00e1ny Magic Tatry","og_description":"Rezerv\u00e1cia apartm\u00e1nu nebola nikdy jednoduch\u0161ia. Vyberte si apartm\u00e1n, vo\u013en\u00fd term\u00edn, vyp\u00ed\u0161te va\u0161e \u00fadaje a odo\u0161lite rezerv\u00e1ciu","og_url":"https:\/\/www.magictatry.sk\/index.php\/rezervacia\/","og_site_name":"Apartm\u00e1ny Magic Tatry","article_modified_time":"2024-01-19T08:47:03+00:00","og_image":[{"url":"https:\/\/www.magictatry.sk\/wp-content\/uploads\/2022\/04\/reception-g7e3f50fbc_1920-1024x1024.jpg","type":"","width":"","height":""}],"twitter_card":"summary_large_image","twitter_misc":{"Predpokladan\u00fd \u010das \u010d\u00edtania":"2 min\u00faty"},"schema":{"@context":"https:\/\/schema.org","@graph":[{"@type":"WebPage","@id":"https:\/\/www.magictatry.sk\/index.php\/rezervacia\/","url":"https:\/\/www.magictatry.sk\/index.php\/rezervacia\/","name":"Rezerv\u00e1cia - Apartm\u00e1ny Magic Tatry","isPartOf":{"@id":"https:\/\/www.magictatry.sk\/#website"},"primaryImageOfPage":{"@id":"https:\/\/www.magictatry.sk\/index.php\/rezervacia\/#primaryimage"},"image":{"@id":"https:\/\/www.magictatry.sk\/index.php\/rezervacia\/#primaryimage"},"thumbnailUrl":"https:\/\/www.magictatry.sk\/wp-content\/uploads\/2022\/04\/reception-g7e3f50fbc_1920-1024x1024.jpg","datePublished":"2022-04-15T14:35:14+00:00","dateModified":"2024-01-19T08:47:03+00:00","description":"Rezerv\u00e1cia apartm\u00e1nu nebola nikdy jednoduch\u0161ia. Vyberte si apartm\u00e1n, vo\u013en\u00fd term\u00edn, vyp\u00ed\u0161te va\u0161e \u00fadaje a odo\u0161lite rezerv\u00e1ciu","breadcrumb":{"@id":"https:\/\/www.magictatry.sk\/index.php\/rezervacia\/#breadcrumb"},"inLanguage":"sk-SK","potentialAction":[{"@type":"ReadAction","target":["https:\/\/www.magictatry.sk\/index.php\/rezervacia\/"]}]},{"@type":"ImageObject","inLanguage":"sk-SK","@id":"https:\/\/www.magictatry.sk\/index.php\/rezervacia\/#primaryimage","url":"https:\/\/www.magictatry.sk\/wp-content\/uploads\/2022\/04\/reception-g7e3f50fbc_1920.jpg","contentUrl":"https:\/\/www.magictatry.sk\/wp-content\/uploads\/2022\/04\/reception-g7e3f50fbc_1920.jpg","width":1920,"height":1920,"caption":"Rezerv\u00e1cia Apartm\u00e1ny Magic Tatry"},{"@type":"BreadcrumbList","@id":"https:\/\/www.magictatry.sk\/index.php\/rezervacia\/#breadcrumb","itemListElement":[{"@type":"ListItem","position":1,"name":"Home","item":"https:\/\/www.magictatry.sk\/"},{"@type":"ListItem","position":2,"name":"Rezerv\u00e1cia"}]},{"@type":"WebSite","@id":"https:\/\/www.magictatry.sk\/#website","url":"https:\/\/www.magictatry.sk\/","name":"Apartm\u00e1ny Magic Tatry","description":"Modern\u00e9 apartm\u00e1ny vo Vysok\u00fdch Tatr\u00e1ch","publisher":{"@id":"https:\/\/www.magictatry.sk\/#organization"},"potentialAction":[{"@type":"SearchAction","target":{"@type":"EntryPoint","urlTemplate":"https:\/\/www.magictatry.sk\/?s={search_term_string}"},"query-input":{"@type":"PropertyValueSpecification","valueRequired":true,"valueName":"search_term_string"}}],"inLanguage":"sk-SK"},{"@type":"Organization","@id":"https:\/\/www.magictatry.sk\/#organization","name":"Apartm\u00e1ny Magic Tatry","url":"https:\/\/www.magictatry.sk\/","logo":{"@type":"ImageObject","inLanguage":"sk-SK","@id":"https:\/\/www.magictatry.sk\/#\/schema\/logo\/image\/","url":"https:\/\/www.magictatry.sk\/wp-content\/uploads\/2022\/04\/logo-magictatry-1.png","contentUrl":"https:\/\/www.magictatry.sk\/wp-content\/uploads\/2022\/04\/logo-magictatry-1.png","width":1920,"height":593,"caption":"Apartm\u00e1ny Magic Tatry"},"image":{"@id":"https:\/\/www.magictatry.sk\/#\/schema\/logo\/image\/"}}]}},"_links":{"self":[{"href":"https:\/\/www.magictatry.sk\/index.php\/wp-json\/wp\/v2\/pages\/44","targetHints":{"allow":["GET"]}}],"collection":[{"href":"https:\/\/www.magictatry.sk\/index.php\/wp-json\/wp\/v2\/pages"}],"about":[{"href":"https:\/\/www.magictatry.sk\/index.php\/wp-json\/wp\/v2\/types\/page"}],"author":[{"embeddable":true,"href":"https:\/\/www.magictatry.sk\/index.php\/wp-json\/wp\/v2\/users\/1"}],"replies":[{"embeddable":true,"href":"https:\/\/www.magictatry.sk\/index.php\/wp-json\/wp\/v2\/comments?post=44"}],"version-history":[{"count":6,"href":"https:\/\/www.magictatry.sk\/index.php\/wp-json\/wp\/v2\/pages\/44\/revisions"}],"predecessor-version":[{"id":1210,"href":"https:\/\/www.magictatry.sk\/index.php\/wp-json\/wp\/v2\/pages\/44\/revisions\/1210"}],"wp:attachment":[{"href":"https:\/\/www.magictatry.sk\/index.php\/wp-json\/wp\/v2\/media?parent=44"}],"curies":[{"name":"wp","href":"https:\/\/api.w.org\/{rel}","templated":true}]}}